{"id":1378588,"date":"2023-02-09T13:48:16","date_gmt":"2023-02-09T13:48:16","guid":{"rendered":"https:\/\/besadigital.dk\/villkor-och-anvisningar\/"},"modified":"2024-11-22T09:24:18","modified_gmt":"2024-11-22T09:24:18","slug":"villkor-och-anvisningar","status":"publish","type":"page","link":"https:\/\/besadigital.dk\/sv\/villkor-och-anvisningar\/","title":{"rendered":"Villkor och anvisningar"},"content":{"rendered":"<p>[et_pb_section fb_built=&#8221;1&#8243; custom_padding_last_edited=&#8221;on|phone&#8221; admin_label=&#8221;Hero Section&#8221; module_id=&#8221;topp-slider&#8221; module_class=&#8221;overlay&#8221; _builder_version=&#8221;4.27.0&#8243; background_enable_color=&#8221;off&#8221; background_image=&#8221;https:\/\/besadigital.dk\/wp-content\/uploads\/2023\/02\/macbook-g3f6cbd3c2_1920.jpg&#8221; custom_padding=&#8221;8%||4%||false|false&#8221; custom_padding_tablet=&#8221;&#8221; custom_padding_phone=&#8221;&#8221; border_radii=&#8221;off||||200px&#8221; border_radii_tablet=&#8221;off||||150px&#8221; border_radii_phone=&#8221;off||||100px&#8221; border_radii_last_edited=&#8221;on|phone&#8221; global_colors_info=&#8221;{}&#8221;][et_pb_row _builder_version=&#8221;4.16&#8243; global_colors_info=&#8221;{}&#8221;][et_pb_column type=&#8221;4_4&#8243; _builder_version=&#8221;4.16&#8243; global_colors_info=&#8221;{}&#8221;][et_pb_text _builder_version=&#8221;4.27.0&#8243; _module_preset=&#8221;default&#8221; text_orientation=&#8221;center&#8221; background_layout=&#8221;dark&#8221; global_colors_info=&#8221;{}&#8221;]<\/p>\n<h1>Villkor och anvisningar<\/h1>\n<p>[\/et_pb_text][\/et_pb_column][\/et_pb_row][\/et_pb_section][et_pb_section fb_built=&#8221;1&#8243; custom_padding_last_edited=&#8221;on|tablet&#8221; module_class=&#8221;terms-section&#8221; _builder_version=&#8221;4.19.5&#8243; background_enable_image=&#8221;off&#8221; background_size=&#8221;contain&#8221; background_position=&#8221;center_right&#8221; custom_padding=&#8221;80px||80px||true|false&#8221; custom_padding_tablet=&#8221;5vh||5vh||true|false&#8221; custom_padding_phone=&#8221;5vh||0px||false|false&#8221; background_last_edited=&#8221;on|tablet&#8221; background_position_tablet=&#8221;top_left&#8221; background_position_phone=&#8221;top_left&#8221; locked=&#8221;off&#8221; global_colors_info=&#8221;{}&#8221;][et_pb_row make_equal=&#8221;on&#8221; module_class=&#8221;dl-flip&#8221; _builder_version=&#8221;4.19.5&#8243; global_colors_info=&#8221;{}&#8221;][et_pb_column type=&#8221;4_4&#8243; _builder_version=&#8221;4.16&#8243; custom_padding=&#8221;0px||60px||false|false&#8221; custom_padding_tablet=&#8221;80px||||false|false&#8221; custom_padding_phone=&#8221;60px||||false|false&#8221; custom_padding_last_edited=&#8221;on|desktop&#8221; global_colors_info=&#8221;{}&#8221;][et_pb_text _builder_version=&#8221;4.19.5&#8243; _module_preset=&#8221;default&#8221; border_color_all=&#8221;#efefef&#8221; global_colors_info=&#8221;{}&#8221;]<\/p>\n<h3>  Villkor och anvisningar<\/h3>\n<p>Dessa allm\u00e4nna villkor definierar de detaljerade villkoren f\u00f6r Besa digitals tillhandah\u00e5llande av tj\u00e4nster till sina kunder (nedan kallade &#8221;kunden&#8221;). De utg\u00f6r en integrerad del av det slutliga avtalet (nedan kallat &#8221;avtalet&#8221;) mellan Besa digital ApS och kunden samt eventuella till\u00e4ggsavtal. <\/p>\n<ol>\n<li>Avtalets <b>ing\u00e5ende: Avtalet<\/b> mellan Besa digital och Kunden kommer till st\u00e5nd f\u00f6rst n\u00e4r b\u00e5da parter har undertecknat Avtalet. Eventuella till\u00e4ggsavtal m\u00e5ste vara skriftliga och ska regleras i ett separat skriftligt avtal mellan parterna och ska inte ing\u00e5 i Avtalet. <\/li>\n<li><b>Webbplatser och Webshop:<\/b> Innan webbplatsen g\u00e5r online p\u00e5 Kundens dom\u00e4n skickar Besa digital en l\u00e4nk till en testsida till Kunden. Kunden har 10 arbetsdagar p\u00e5 sig att g\u00f6ra eventuella korrigeringar. N\u00e4r testsidan har godk\u00e4nts av kunden eller n\u00e4r korrigeringsperioden p\u00e5 10 dagar har l\u00f6pt ut, kommer Besa digital att p\u00e5b\u00f6rja processen med att \u00f6verf\u00f6ra kundens dom\u00e4n till Besa digitals servrar, s\u00e5vida inte kunden p\u00e5 grund av administrativa rutiner eller liknande sj\u00e4lv \u00e4r v\u00e4rd f\u00f6r webbplatsen. Det kan f\u00f6rekomma kortvariga st\u00f6rningar eller driftstopp under en period p\u00e5 upp till 72 timmar. Av s\u00e4kerhetssk\u00e4l kommer Besa digital inte att ge kunden direkt tillg\u00e5ng till f\u00f6ljande: FTP-server, databas, kontrollpanel, e-postserver eller administrativ \u00e5tkomst till webbplatsen, inklusive plug-ins. Kunden ansvarar f\u00f6r att s\u00e4ga upp eventuella befintliga webbhotell och liknande. \u00c5rliga DK-Hostmasteravgifter ska betalas och f\u00f6rnyas av Kunden, om inte annat \u00f6verenskommits i Avtalet eller Till\u00e4ggsavtalet.      <\/li>\n<li><b>Avtal om webbplats:<\/b> Webbplatsavtalet omfattar f\u00f6ljande tj\u00e4nster: CMS-webbplats med m\u00f6jlighet att redigera befintligt inneh\u00e5ll och skapa upp till 12 sidor. I Webbplatsavtalet ing\u00e5r \u00e4ven support f\u00f6r webbplatsen. <\/li>\n<li>Kundens <b>medverkan: <\/b>Kunden \u00e4r skyldig att tillse att Besa digital erh\u00e5ller all n\u00f6dv\u00e4ndig information f\u00f6r att kunna leverera de produkter som omfattas av Avtalet och eventuella Till\u00e4ggsavtal. Exempelvis ska Kunden tillhandah\u00e5lla k\u00e4llkod, texter och designmaterial. <\/li>\n<li>Fakturering<b>:<\/b> Fakturering sker n\u00e4r det arbete som omfattas av Avtalet och Till\u00e4ggsavtalet p\u00e5b\u00f6rjas, om inte annat skriftligen \u00f6verenskommits. Fakturering av Webbplatsavtalet sker senast 30 dagar efter avtalets ing\u00e5ende, s\u00e5vida inte risk- och kreditbed\u00f6mning av tredje part f\u00f6rordar annat. Fakturan f\u00f6rfaller till betalning p\u00e5 fakturadagen och betalning ska ske inom 10 dagar fr\u00e5n fakturadagen. Om betalningsfristen \u00f6verskrids kommer \u00e4rendet att \u00f6verl\u00e4mnas till tredje part f\u00f6r att f\u00f6lja g\u00e4llande lagstiftning om p\u00e5minnelsef\u00f6rfarande och inkassotj\u00e4nster. Utebliven betalning betraktas som ett brott mot Avtalet och Till\u00e4ggsavtalet, vilket ger Besa digital r\u00e4tt att s\u00e4ga upp avtalen utan skadest\u00e5ndsskyldighet. Vid s\u00e5dan upps\u00e4gning fakturerar Besa digital omedelbart den \u00e5terst\u00e5ende bindningstiden samt eventuella prisavdrag som \u00f6verenskommits vid m\u00f6tet med Besa digitals r\u00e5dgivare. Om kunden flyttar eller \u00e4ndrar DNS-inst\u00e4llningarna s\u00e5 att den webbplatsl\u00f6sning som Besa digital arbetar med inte l\u00e4ngre \u00e4r online, kommer det att betraktas som en upps\u00e4gning fr\u00e5n kundens sida, eftersom det arbete som Besa digital m\u00e5ste leverera enligt marknadsf\u00f6ringsstrategin d\u00e5 om\u00f6jligg\u00f6rs.      <\/li>\n<li><b>Abonnemangsavtal och Hostingkund<\/b>: Kunder som har ing\u00e5tt ett Avtal eller Till\u00e4ggsavtal f\u00f6r Besa digitals abonnemangsprodukt kommer att uppleva automatisk f\u00f6rnyelse av sitt Abonnemangsavtal f\u00f6r perioder om 12 till 72 m\u00e5nader, efter utg\u00e5ngen av den nuvarande perioden, om det inte s\u00e4gs upp i enlighet med punkt 12 i Avtalet\/Till\u00e4ggsavtalet. Fakturering av Abonnemangsavtalet sker inf\u00f6r varje 12-m\u00e5nadersperiod, om inte annat skriftligen \u00f6verenskommits. <\/li>\n<li><b>S\u00f6kmotoroptimering (SEO):<\/b> Besa digital kan inte garantera specifika placeringar p\u00e5 Google n\u00e4r ett avtal om s\u00f6kmotoroptimering ing\u00e5s.<\/li>\n<li><b>F\u00f6retagets sidor p\u00e5 sociala medier SOME<\/b>: Kunden \u00e4r ensam ansvarig f\u00f6r att hantera all kommunikation p\u00e5 och via sitt f\u00f6retags sidor p\u00e5 sociala medier. Kunden \u00e4ger f\u00f6retagets sidor, men all anpassad programmering och appar som skapats av Besa digital kommer att st\u00e4ngas i slutet av abonnemangsavtalet om kunden s\u00e4ger upp avtalet. Kunden \u00e4r ocks\u00e5 fullt ansvarig f\u00f6r att rapportera relevant information till Skat i samband med spelskatt.  <\/li>\n<li><b>Konfidentialitet:<\/b> Besa digital \u00e4ger r\u00e4tt att, om inte annat s\u00e4rskilt avtalats, utan ers\u00e4ttning anv\u00e4nda egenutvecklade produkter som omfattas av detta avtal och eventuella till\u00e4ggsavtal i samband med f\u00f6rs\u00e4ljnings- och marknadsf\u00f6ringsmaterial.<\/li>\n<li><b>Ansvar:<\/b> Besa digital tar inget som helst ansvar f\u00f6r kundens dataf\u00f6rlust, indirekta f\u00f6rlust eller f\u00f6ljdf\u00f6rlust. Vidare fr\u00e5ns\u00e4ger sig Besa digital allt ansvar i fall som anses vara force majeure-liknande, s\u00e5som strejker, br\u00e4nder, naturkatastrofer, avbrott eller fel i energif\u00f6rs\u00f6rjning och\/eller kommunikationssystem. Besa digital fr\u00e5ns\u00e4ger sig allt ansvar f\u00f6r eventuell negativ publicitet p\u00e5 kundens profil i sociala medier. Vidare fr\u00e5ns\u00e4ger sig Besa digital allt ansvar om kundens webbplats skulle f\u00f6rlora ranking i Google p\u00e5 grund av f\u00f6r\u00e4ndringar i Googles s\u00f6krankning eller om kundens webbplats ranking sjunker p\u00e5 grund av en straffavgift fr\u00e5n Google. Kunden \u00e4r ensam ansvarig f\u00f6r att dom\u00e4nnamnet och webbhotellets inneh\u00e5ll inte g\u00f6r intr\u00e5ng i tredje parts varum\u00e4rken och\/eller r\u00e4ttigheter samt f\u00f6r att SEO-texter som publiceras p\u00e5 Kundens webbplats \u00e4r korrekta. Kunden \u00e4r ocks\u00e5 ensamt ansvarig f\u00f6r att kontrollera att korrekta kontaktuppgifter anges p\u00e5 Kundens webbplats och profiler i sociala medier och att funktionaliteten i eventuella kontaktformul\u00e4r \u00e4r i enlighet med Kundens \u00f6nskem\u00e5l. Besa-digital f\u00f6rbeh\u00e5ller sig r\u00e4tten till driftst\u00f6rningar under kortare eller l\u00e4ngre perioder i samband med underh\u00e5ll och uppdatering av IT-system, och kan inte h\u00e5llas ansvarig f\u00f6r driftstopp eller f\u00f6rlust av data hos tredjepartsleverant\u00f6rer (inklusive webbhotell). Besa digital har r\u00e4tt att, utan ansvar f\u00f6r f\u00f6rlust eller skada, redovisa Kundens dom\u00e4n vid ing\u00e5ende av avtal om produktion av webbplats. I samband med vidaredelegering av ett dom\u00e4nnamn fr\u00e5ns\u00e4ger sig Besa digital ansvar f\u00f6r f\u00f6rlust eller skada och Besa digital ger inte support eller tar ansvar i samband med problem som uppst\u00e5r p\u00e5 Kundens egen mailserver. Om inget annat anges \u00e4r Besa digital v\u00e4rd f\u00f6r e-postservern. Gamla e-postmeddelanden \u00f6verf\u00f6rs inte till Besa digitals servrar. Om detta \u00f6nskas kommer en offert att inh\u00e4mtas f\u00f6r detta. Om mailkonton hostas av Kunden m\u00e5ste Besa-digital informeras om n\u00f6dv\u00e4ndig DNS-information.            <\/li>\n<li><b>Information om datainsamling i samband med GDPR:<\/b> I samband med avtal som du ing\u00e5r med Besa digital ApS ber vi dig att uppge ditt namn, f\u00f6retagsnamn, f\u00f6retagsadress, CVR-nummer, telefonnummer och e-postadress. Det kan ocks\u00e5 vara n\u00f6dv\u00e4ndigt att samla in annan information som DK-Hostmaster-inloggning\/l\u00f6senord, e-postinloggning och andra konton med personlig information f\u00f6r att uppfylla avtalet. Denna information anv\u00e4nds endast f\u00f6r att behandla din best\u00e4llning och lagras under avtalets giltighetstid. Som registrerad kund har du r\u00e4tt att f\u00e5 tillg\u00e5ng till, inv\u00e4nda mot anv\u00e4ndningen av, korrigera och radera information som vi lagrar om dig och f\u00e5 den levererad i digital form. Anv\u00e4ndningen av Besa digital ApS tj\u00e4nster sker p\u00e5 egen risk. Enligt GDPR \u00e4r Besa digital ApS ansvarig f\u00f6r behandlingen av dina uppgifter och deras s\u00e4kerhet enligt beskrivningen i databehandlingsavtalet och sekretesspolicyn. Det \u00e4r ditt ansvar att informera Besa digital ApS om eventuell behandling av k\u00e4nsliga personuppgifter, varefter Besa digital ApS skickar ett till\u00e4ggsavtal om behandling av dessa uppgifter. Besa digital ApS har vidtagit s\u00e4kerhets\u00e5tg\u00e4rder f\u00f6r att s\u00e4kerst\u00e4lla att din onlinel\u00f6sning uppfyller kraven i den nya datalagstiftningen, men eftersom \u00e4gander\u00e4tten till din webbplats och onlinel\u00f6sning tillh\u00f6r dig, ansvarar Besa digital ApS inte f\u00f6r eventuella \u00f6vertr\u00e4delser av personuppgiftslagstiftningen i samband med GDPR. Dessa villkor och ansvarsfriskrivningar g\u00e4ller oavsett om Besa digital ApS har agerat f\u00f6rsumligt eller inte.        <\/li>\n<li>Upps\u00e4gning av Abonnemang<b>:<\/b> Abonnemangsavtalet \u00e4r bindande under en period om mellan 12 till 72 m\u00e5nader (&#8221;Bindningstiden&#8221;), beroende p\u00e5 vilken abonnemangsperiod Kunden valt. Om Abonnemangsavtalet inte s\u00e4gs upp med minst tre m\u00e5naders upps\u00e4gningstid f\u00f6re utg\u00e5ngen av bindningstiden om 12 till 72 m\u00e5nader f\u00f6rl\u00e4ngs det automatiskt med ytterligare 12 till 72 m\u00e5nader. Upps\u00e4gning av abonnemangsavtalet m\u00e5ste ske skriftligen, inklusive via e-post, till bogholderi@besadigital.dk och kan inte s\u00e4gas upp via andra e-postadresser i anslutning till Besa digital ApS. Eventuella f\u00f6rskottsbetalningar kommer inte att \u00e5terbetalas. N\u00e4r kunden s\u00e4ger upp abonnemangsavtalet betraktas detta som ett avtalsbrott, varf\u00f6r Besa digital ApS kommer att fakturera den \u00e5terst\u00e5ende delen av bindningstiden omedelbart efter upps\u00e4gningen. Vid f\u00f6rtida upps\u00e4gning av abonnemangsavtalet ber\u00e4knas eventuella rabatter och kunden f\u00e5r en faktura med en betalningsfrist p\u00e5 10 dagar. Kunden har m\u00f6jlighet att flytta sin webbplats i samarbete med Besa digital ApS. Priset f\u00f6r en s\u00e5dan flytt \u00e4r 3995,- inkl. moms, och den kan endast utf\u00f6ras av Besa digital ApS sj\u00e4lv. Om kunden flyttar eller \u00e4ndrar DNS-inst\u00e4llningarna s\u00e5 att den webbplatsl\u00f6sning som Besa digital ApS arbetar med inte l\u00e4ngre \u00e4r online, kommer detta att betraktas som en annullering fr\u00e5n kundens sida eftersom detta kommer att hindra det arbete som Besa digital ApS m\u00e5ste utf\u00f6ra enligt marknadsf\u00f6ringsstrategin.        <\/li>\n<li><b>R\u00e4ttigheter: <\/b>Besa digital har \u00e4gander\u00e4tt och immateriella r\u00e4ttigheter till resultatet av Avtalet och eventuella till\u00e4ggsavtal, inklusive texter, bilder, video, dom\u00e4ner och webbplatsdesign. Kunden erh\u00e5ller nyttjander\u00e4tt till dessa delar n\u00e4r betalning, se punkt 5, har erlagts. N\u00e4r avtalsperioden l\u00f6per ut f\u00e5r kunden r\u00e4tt till resultatet av avtalet f\u00f6rst n\u00e4r hela avtalsperioden har betalats. Om Besa digital har anv\u00e4nt grafik fr\u00e5n en tredjepartsleverant\u00f6r (t.ex. stock.adobe.com) f\u00f6rlorar kunden r\u00e4tten till denna grafik n\u00e4r avtalet upph\u00f6r att g\u00e4lla.   <\/li>\n<li><b>Justering av Avtal, Till\u00e4ggsavtal och\/eller Leveransvillkor:<\/b> Besa digital f\u00f6rbeh\u00e5ller sig r\u00e4tten att justera de priser som anges i Avtalet och Till\u00e4ggsavtalet \u00e5rligen i enlighet med utvecklingen av nettoprisindex. Besa digital kan \u00e4ndra Avtalet, Till\u00e4ggsavtalet och Leveransvillkoren med en m\u00e5nads varsel via e-post eller brev till den e-postadress eller postadress som anges i Avtalet. Kunden har i s\u00e5dant fall r\u00e4tt att skriftligen s\u00e4ga upp Avtalet och Till\u00e4ggsavtalet innan de nya avtalsvillkoren tr\u00e4der i kraft, utom vid prish\u00f6jningar. Kundens upps\u00e4gning ska vara oss tillhanda senast 14 dagar f\u00f6re ikrafttr\u00e4dandet av de nya avtalsvillkoren. \u00c4ndringar som \u00e4r till f\u00f6rdel f\u00f6r kunden f\u00e5r g\u00f6ras utan f\u00f6reg\u00e5ende meddelande. Oaktat ovanst\u00e5ende kan Besa digital s\u00e4ga upp webbhotellerbjudandet med en upps\u00e4gningstid p\u00e5 3 m\u00e5nader till slutet av en m\u00e5nad och kan \u00f6verf\u00f6ra den tekniska driften av webbhotellet till en tredje part s\u00e5 l\u00e4nge detta sker utan betydande f\u00f6rs\u00e4mring f\u00f6r kunden.     <\/li>\n<li>Betalningsdr\u00f6jsm\u00e5l<b>:<\/b> Vid betalningsdr\u00f6jsm\u00e5l f\u00f6rbeh\u00e5ller sig Besa digital r\u00e4tten att st\u00e4nga av tillg\u00e5ngen till samtliga tj\u00e4nster som omfattas av kundens avtal med Besa digital, inklusive webbutrymme, webbplats, marknadsf\u00f6ringstj\u00e4nster och e-postadministrationsmodul, till dess att hela det f\u00f6rfallna beloppet har betalats.<\/li>\n<li><b>Lagval och domstol<\/b>: Tvist mellan parterna med anledning av Avtalet, Till\u00e4ggsavtalet och Leveransvillkoren ska h\u00e4nskjutas till K\u00f6penhamns Byret och avg\u00f6ras enligt dansk r\u00e4tt.<\/li>\n<li>Anv\u00e4ndning av <b>externa partners:<\/b> Besa digital kan n\u00e4r som helst anv\u00e4nda sig av externa partners f\u00f6r att leverera de avtalade timmarna till kunden. N\u00e4r externa partners anv\u00e4nds f\u00f6r leveranser kan vi inte m\u00e4ta det i faktiska timmar. D\u00e4rf\u00f6r kommer vi att uppskatta tids\u00e5tg\u00e5ngen baserat p\u00e5 v\u00e5ra interna uppskattningar av hur l\u00e5ng tid v\u00e5ra olika tj\u00e4nster tar. Dessa uppskattningar \u00e4r desamma som vi anv\u00e4nder n\u00e4r vi utf\u00f6r analyser \u00e5t v\u00e5ra kunder.   <\/li>\n<\/ol>\n<p>[\/et_pb_text][et_pb_button button_url=&#8221;https:\/\/besadigital.dk\/kontakt-os\/&#8221; button_text=&#8221;Kontakta oss&#8221; _builder_version=&#8221;4.27.0&#8243; _module_preset=&#8221;default&#8221; global_colors_info=&#8221;{}&#8221;][\/et_pb_button][\/et_pb_column][\/et_pb_row][\/et_pb_section]<\/p>\n","protected":false},"excerpt":{"rendered":"<p>Villkor och anvisningar Villkor och anvisningar Dessa allm\u00e4nna villkor definierar de detaljerade villkoren f\u00f6r Besa digitals tillhandah\u00e5llande av tj\u00e4nster till sina kunder (nedan kallade &#8221;kunden&#8221;). De utg\u00f6r en integrerad del av det slutliga avtalet (nedan kallat &#8221;avtalet&#8221;) mellan Besa digital ApS och kunden samt eventuella till\u00e4ggsavtal. Avtalets ing\u00e5ende: Avtalet mellan Besa digital och Kunden kommer [&hellip;]<\/p>\n","protected":false},"author":1,"featured_media":0,"parent":0,"menu_order":0,"comment_status":"closed","ping_status":"closed","template":"","meta":{"_acf_changed":false,"_yoast_wpseo_focuskw":"Villkor och anvisningar BESA Digital","_yoast_wpseo_title":"BESA Digital | V\u00e5ra r\u00e4ttvisa handelsvillkor","_yoast_wpseo_metadesc":"P\u00e5 BESA Digital str\u00e4var vi efter att skapa ett \u00e4rligt och transparent samarbete med v\u00e5ra kunder. L\u00e4s mer h\u00e4r.","_et_pb_use_builder":"on","_et_pb_old_content":"","_et_gb_content_width":"","footnotes":""},"class_list":["post-1378588","page","type-page","status-publish","hentry"],"acf":{"1_indledning":null,"midte_1":null,"midte_2":null,"4_afslutning":null,"cta_kontakt_url":null,"cta_service_navn":null,"cta_service_url":null,"faq_title":null,"spg_1":null,"spg_2":null,"spg_3":null,"spg_4":null,"spg_5":null,"svar_1":null,"svar_2":null,"svar_3":null,"svar_4":null,"svar_5":null,"h1_hero":null,"hero_tekst":null,"schema_json_side":null},"yoast_head":"<!-- This site is optimized with the Yoast SEO plugin v27.5 - https:\/\/yoast.com\/product\/yoast-seo-wordpress\/ -->\n<title>BESA Digital | V\u00e5ra r\u00e4ttvisa handelsvillkor<\/title>\n<meta name=\"description\" content=\"P\u00e5 BESA Digital str\u00e4var vi efter att skapa ett \u00e4rligt och transparent samarbete med v\u00e5ra kunder. L\u00e4s mer h\u00e4r.\" \/>\n<meta name=\"robots\" content=\"index, follow, max-snippet:-1, max-image-preview:large, max-video-preview:-1\" \/>\n<link rel=\"canonical\" href=\"https:\/\/besadigital.dk\/sv\/villkor-och-anvisningar\/\" \/>\n<meta property=\"og:locale\" content=\"sv_SE\" \/>\n<meta property=\"og:type\" content=\"article\" \/>\n<meta property=\"og:title\" content=\"BESA Digital | V\u00e5ra r\u00e4ttvisa handelsvillkor\" \/>\n<meta property=\"og:description\" content=\"P\u00e5 BESA Digital str\u00e4var vi efter att skapa ett \u00e4rligt och transparent samarbete med v\u00e5ra kunder. L\u00e4s mer h\u00e4r.\" \/>\n<meta property=\"og:url\" content=\"https:\/\/besadigital.dk\/sv\/villkor-och-anvisningar\/\" \/>\n<meta property=\"og:site_name\" content=\"Besa Digital\" \/>\n<meta property=\"article:modified_time\" content=\"2024-11-22T09:24:18+00:00\" \/>\n<meta name=\"twitter:card\" content=\"summary_large_image\" \/>\n<meta name=\"twitter:label1\" content=\"Ber\u00e4knad l\u00e4stid\" \/>\n\t<meta name=\"twitter:data1\" content=\"11 minuter\" \/>\n<script type=\"application\/ld+json\" class=\"yoast-schema-graph\">{\"@context\":\"https:\\\/\\\/schema.org\",\"@graph\":[{\"@type\":\"WebPage\",\"@id\":\"https:\\\/\\\/besadigital.dk\\\/sv\\\/villkor-och-anvisningar\\\/\",\"url\":\"https:\\\/\\\/besadigital.dk\\\/sv\\\/villkor-och-anvisningar\\\/\",\"name\":\"BESA Digital | V\u00e5ra r\u00e4ttvisa handelsvillkor\",\"isPartOf\":{\"@id\":\"https:\\\/\\\/besadigital.dk\\\/sv\\\/#website\"},\"datePublished\":\"2023-02-09T13:48:16+00:00\",\"dateModified\":\"2024-11-22T09:24:18+00:00\",\"description\":\"P\u00e5 BESA Digital str\u00e4var vi efter att skapa ett \u00e4rligt och transparent samarbete med v\u00e5ra kunder. L\u00e4s mer h\u00e4r.\",\"breadcrumb\":{\"@id\":\"https:\\\/\\\/besadigital.dk\\\/sv\\\/villkor-och-anvisningar\\\/#breadcrumb\"},\"inLanguage\":\"sv-SE\",\"potentialAction\":[{\"@type\":\"ReadAction\",\"target\":[\"https:\\\/\\\/besadigital.dk\\\/sv\\\/villkor-och-anvisningar\\\/\"]}]},{\"@type\":\"BreadcrumbList\",\"@id\":\"https:\\\/\\\/besadigital.dk\\\/sv\\\/villkor-och-anvisningar\\\/#breadcrumb\",\"itemListElement\":[{\"@type\":\"ListItem\",\"position\":1,\"name\":\"Hjem\",\"item\":\"https:\\\/\\\/besadigital.dk\\\/sv\\\/\"},{\"@type\":\"ListItem\",\"position\":2,\"name\":\"Villkor och anvisningar\"}]},{\"@type\":\"WebSite\",\"@id\":\"https:\\\/\\\/besadigital.dk\\\/sv\\\/#website\",\"url\":\"https:\\\/\\\/besadigital.dk\\\/sv\\\/\",\"name\":\"Besa Digital\",\"description\":\"Hos Besa Digital specialiserer vi os i at skabe skr\u00e6ddersyede digitale l\u00f8sninger\",\"potentialAction\":[{\"@type\":\"SearchAction\",\"target\":{\"@type\":\"EntryPoint\",\"urlTemplate\":\"https:\\\/\\\/besadigital.dk\\\/sv\\\/?s={search_term_string}\"},\"query-input\":{\"@type\":\"PropertyValueSpecification\",\"valueRequired\":true,\"valueName\":\"search_term_string\"}}],\"inLanguage\":\"sv-SE\"}]}<\/script>\n<!-- \/ Yoast SEO plugin. -->","yoast_head_json":{"title":"BESA Digital | V\u00e5ra r\u00e4ttvisa handelsvillkor","description":"P\u00e5 BESA Digital str\u00e4var vi efter att skapa ett \u00e4rligt och transparent samarbete med v\u00e5ra kunder. L\u00e4s mer h\u00e4r.","robots":{"index":"index","follow":"follow","max-snippet":"max-snippet:-1","max-image-preview":"max-image-preview:large","max-video-preview":"max-video-preview:-1"},"canonical":"https:\/\/besadigital.dk\/sv\/villkor-och-anvisningar\/","og_locale":"sv_SE","og_type":"article","og_title":"BESA Digital | V\u00e5ra r\u00e4ttvisa handelsvillkor","og_description":"P\u00e5 BESA Digital str\u00e4var vi efter att skapa ett \u00e4rligt och transparent samarbete med v\u00e5ra kunder. L\u00e4s mer h\u00e4r.","og_url":"https:\/\/besadigital.dk\/sv\/villkor-och-anvisningar\/","og_site_name":"Besa Digital","article_modified_time":"2024-11-22T09:24:18+00:00","twitter_card":"summary_large_image","twitter_misc":{"Ber\u00e4knad l\u00e4stid":"11 minuter"},"schema":{"@context":"https:\/\/schema.org","@graph":[{"@type":"WebPage","@id":"https:\/\/besadigital.dk\/sv\/villkor-och-anvisningar\/","url":"https:\/\/besadigital.dk\/sv\/villkor-och-anvisningar\/","name":"BESA Digital | V\u00e5ra r\u00e4ttvisa handelsvillkor","isPartOf":{"@id":"https:\/\/besadigital.dk\/sv\/#website"},"datePublished":"2023-02-09T13:48:16+00:00","dateModified":"2024-11-22T09:24:18+00:00","description":"P\u00e5 BESA Digital str\u00e4var vi efter att skapa ett \u00e4rligt och transparent samarbete med v\u00e5ra kunder. L\u00e4s mer h\u00e4r.","breadcrumb":{"@id":"https:\/\/besadigital.dk\/sv\/villkor-och-anvisningar\/#breadcrumb"},"inLanguage":"sv-SE","potentialAction":[{"@type":"ReadAction","target":["https:\/\/besadigital.dk\/sv\/villkor-och-anvisningar\/"]}]},{"@type":"BreadcrumbList","@id":"https:\/\/besadigital.dk\/sv\/villkor-och-anvisningar\/#breadcrumb","itemListElement":[{"@type":"ListItem","position":1,"name":"Hjem","item":"https:\/\/besadigital.dk\/sv\/"},{"@type":"ListItem","position":2,"name":"Villkor och anvisningar"}]},{"@type":"WebSite","@id":"https:\/\/besadigital.dk\/sv\/#website","url":"https:\/\/besadigital.dk\/sv\/","name":"Besa Digital","description":"Hos Besa Digital specialiserer vi os i at skabe skr\u00e6ddersyede digitale l\u00f8sninger","potentialAction":[{"@type":"SearchAction","target":{"@type":"EntryPoint","urlTemplate":"https:\/\/besadigital.dk\/sv\/?s={search_term_string}"},"query-input":{"@type":"PropertyValueSpecification","valueRequired":true,"valueName":"search_term_string"}}],"inLanguage":"sv-SE"}]}},"_links":{"self":[{"href":"https:\/\/besadigital.dk\/sv\/wp-json\/wp\/v2\/pages\/1378588","targetHints":{"allow":["GET"]}}],"collection":[{"href":"https:\/\/besadigital.dk\/sv\/wp-json\/wp\/v2\/pages"}],"about":[{"href":"https:\/\/besadigital.dk\/sv\/wp-json\/wp\/v2\/types\/page"}],"author":[{"embeddable":true,"href":"https:\/\/besadigital.dk\/sv\/wp-json\/wp\/v2\/users\/1"}],"replies":[{"embeddable":true,"href":"https:\/\/besadigital.dk\/sv\/wp-json\/wp\/v2\/comments?post=1378588"}],"version-history":[{"count":1,"href":"https:\/\/besadigital.dk\/sv\/wp-json\/wp\/v2\/pages\/1378588\/revisions"}],"predecessor-version":[{"id":1378597,"href":"https:\/\/besadigital.dk\/sv\/wp-json\/wp\/v2\/pages\/1378588\/revisions\/1378597"}],"wp:attachment":[{"href":"https:\/\/besadigital.dk\/sv\/wp-json\/wp\/v2\/media?parent=1378588"}],"curies":[{"name":"wp","href":"https:\/\/api.w.org\/{rel}","templated":true}]}}